{"id":53,"date":"2017-02-22T16:48:01","date_gmt":"2017-02-22T15:48:01","guid":{"rendered":"http:\/\/paulinerousseau.com\/?page_id=53"},"modified":"2018-01-24T15:39:05","modified_gmt":"2018-01-24T14:39:05","slug":"statement","status":"publish","type":"page","link":"https:\/\/paulinerousseau.com\/index.php\/statement\/","title":{"rendered":"Statement"},"content":{"rendered":"<div id=\"pl-53\"  class=\"panel-layout\" ><div id=\"pg-53-0\"  class=\"panel-grid panel-no-style\" ><div id=\"pgc-53-0-0\"  class=\"panel-grid-cell\" ><div id=\"panel-53-0-0-0\" class=\"so-panel widget widget_sow-editor panel-first-child panel-last-child\" data-index=\"0\" ><div\n\t\t\t\n\t\t\tclass=\"so-widget-sow-editor so-widget-sow-editor-base\"\n\t\t\t\n\t\t>\n<div class=\"siteorigin-widget-tinymce textwidget\">\n\t<div class=\"row\">\n<div class=\"col-md-9\">\n<p style=\"text-align: left;\">Pauline Rousseau est n\u00e9e en 1989, apr\u00e8s des \u00e9tudes de litt\u00e9rature (hypokh\u00e2gne) elle int\u00e8gre l\u2019Ecole du Louvre dont elle sort dipl\u00f4m\u00e9e en 2012. Elle est dipl\u00f4m\u00e9e de l'Ecole Nationale Sup\u00e9rieure de la Photographie en 2016.<\/p>\n<p style=\"text-align: left;\">Il y a plusieurs mani\u00e8res d\u2019appr\u00e9hender le monde, la sienne passe par la rencontre, la parole, la confrontation \u00e0 l\u2019alt\u00e9rit\u00e9. Le processus cr\u00e9atif est proche de l\u2019enqu\u00eate, l\u2019appareil photo est pr\u00e9texte, argument, arme pour int\u00e9grer des milieux diff\u00e9rents.Le geste photographique est transgressif, agressif, sous tension, ironique.<br \/>Il questionne sans cesse le rapport photographe\/mod\u00e8le. Que comprend-on d\u2019une personne que l\u2019on photographie ? Comment le montrer ?<\/p>\n<p style=\"text-align: left;\">La n\u00e9gociation est permanente. Mais n\u00e9gocier ne signifie pas que les deux parties se retrouvent \u00e0 mi-chemin : cela implique ne pas obtenir ce que l\u2019on esp\u00e8re parfois, mais peut- \u00eatre obtenir plus que pr\u00e9vu. Ce rapport se complexifie d\u2019autant plus lorsqu\u2019une notion de genre entre en jeu. Que signifie \u00eatre une femme qui photographie des hommes ? Que se passe-t- il lorsqu\u2019une \u00e9quation vieille de plusieurs mill\u00e9naires : homme\/cr\u00e9ateur\/actif\/regardeur femme\/muse\/passive\/objet des regards est \u00e9branl\u00e9e ? Qui dirige la prise de vue ? Construit-on ensemble l\u2019image ? O\u00f9 se situe la confiance ?<\/p>\n<p style=\"text-align: left;\">Les mod\u00e8les sont tous des jeunes adultes qui essayent de se construire dans une soci\u00e9t\u00e9 normative ou peu de place est laiss\u00e9e \u00e0 celui qui voudrait \u00eatre autre que ce qu\u2019on lui impose. Le travail en s\u00e9rie permet de montrer les ressemblances ou au contraire les disparit\u00e9s, au sein d\u2019un m\u00eame groupe de personnes. Interrogeant par l\u00e0 des questions d\u2019identit\u00e9 et de repr\u00e9sentations de soi.<\/p>\n<\/div>\n<\/div>\n<\/div>\n<\/div><\/div><\/div><\/div><\/div>","protected":false},"excerpt":{"rendered":"<p>Pauline Rousseau est n\u00e9e en 1989, apr\u00e8s des \u00e9tudes de litt\u00e9rature (hypokh\u00e2gne) elle int\u00e8gre l\u2019Ecole du Louvre dont elle sort dipl\u00f4m\u00e9e en 2012. Elle est dipl\u00f4m\u00e9e de l&#8217;Ecole Nationale Sup\u00e9rieure de la Photographie en 2016.Il y a plusieurs mani\u00e8res d\u2019appr\u00e9hender le monde, la sienne passe par la rencontre, la parole,&hellip;<\/p>\n<p class=\"more-link-wrapper\"><a class=\"more-link\" href=\"https:\/\/paulinerousseau.com\/index.php\/statement\/\"><span class=\"fa fa-mail-forward read-more-icon\"><\/span><span class=\"screen-reader-text\">Read More<\/span><\/a><\/p>\n","protected":false},"author":1,"featured_media":0,"parent":0,"menu_order":0,"comment_status":"closed","ping_status":"closed","template":"","meta":{"jetpack_post_was_ever_published":false,"footnotes":""},"class_list":["post-53","page","type-page","status-publish","hentry"],"yoast_head":"<!-- This site is optimized with the Yoast SEO plugin v24.7 - https:\/\/yoast.com\/wordpress\/plugins\/seo\/ -->\n<title>Statement - Pauline Rousseau<\/title>\n<meta name=\"robots\" content=\"index, follow, max-snippet:-1, max-image-preview:large, max-video-preview:-1\" \/>\n<link rel=\"canonical\" href=\"https:\/\/paulinerousseau.com\/index.php\/statement\/\" \/>\n<meta property=\"og:locale\" content=\"en_US\" \/>\n<meta property=\"og:type\" content=\"article\" \/>\n<meta property=\"og:title\" content=\"Statement - Pauline Rousseau\" \/>\n<meta property=\"og:description\" content=\"Pauline Rousseau est n\u00e9e en 1989, apr\u00e8s des \u00e9tudes de litt\u00e9rature (hypokh\u00e2gne) elle int\u00e8gre l\u2019Ecole du Louvre dont elle sort dipl\u00f4m\u00e9e en 2012. Elle est dipl\u00f4m\u00e9e de l&#039;Ecole Nationale Sup\u00e9rieure de la Photographie en 2016.Il y a plusieurs mani\u00e8res d\u2019appr\u00e9hender le monde, la sienne passe par la rencontre, la parole,&hellip;Read More\" \/>\n<meta property=\"og:url\" content=\"https:\/\/paulinerousseau.com\/index.php\/statement\/\" \/>\n<meta property=\"og:site_name\" content=\"Pauline Rousseau\" \/>\n<meta property=\"article:modified_time\" content=\"2018-01-24T14:39:05+00:00\" \/>\n<meta name=\"twitter:card\" content=\"summary_large_image\" \/>\n<meta name=\"twitter:label1\" content=\"Est. reading time\" \/>\n\t<meta name=\"twitter:data1\" content=\"1 minute\" \/>\n<script type=\"application\/ld+json\" class=\"yoast-schema-graph\">{\"@context\":\"https:\/\/schema.org\",\"@graph\":[{\"@type\":\"WebPage\",\"@id\":\"https:\/\/paulinerousseau.com\/index.php\/statement\/\",\"url\":\"https:\/\/paulinerousseau.com\/index.php\/statement\/\",\"name\":\"Statement - Pauline Rousseau\",\"isPartOf\":{\"@id\":\"https:\/\/paulinerousseau.com\/#website\"},\"datePublished\":\"2017-02-22T15:48:01+00:00\",\"dateModified\":\"2018-01-24T14:39:05+00:00\",\"breadcrumb\":{\"@id\":\"https:\/\/paulinerousseau.com\/index.php\/statement\/#breadcrumb\"},\"inLanguage\":\"en-US\",\"potentialAction\":[{\"@type\":\"ReadAction\",\"target\":[\"https:\/\/paulinerousseau.com\/index.php\/statement\/\"]}]},{\"@type\":\"BreadcrumbList\",\"@id\":\"https:\/\/paulinerousseau.com\/index.php\/statement\/#breadcrumb\",\"itemListElement\":[{\"@type\":\"ListItem\",\"position\":1,\"name\":\"Accueil\",\"item\":\"https:\/\/paulinerousseau.com\/\"},{\"@type\":\"ListItem\",\"position\":2,\"name\":\"Statement\"}]},{\"@type\":\"WebSite\",\"@id\":\"https:\/\/paulinerousseau.com\/#website\",\"url\":\"https:\/\/paulinerousseau.com\/\",\"name\":\"Pauline Rousseau\",\"description\":\"\",\"potentialAction\":[{\"@type\":\"SearchAction\",\"target\":{\"@type\":\"EntryPoint\",\"urlTemplate\":\"https:\/\/paulinerousseau.com\/?s={search_term_string}\"},\"query-input\":{\"@type\":\"PropertyValueSpecification\",\"valueRequired\":true,\"valueName\":\"search_term_string\"}}],\"inLanguage\":\"en-US\"}]}<\/script>\n<!-- \/ Yoast SEO plugin. -->","yoast_head_json":{"title":"Statement - Pauline Rousseau","robots":{"index":"index","follow":"follow","max-snippet":"max-snippet:-1","max-image-preview":"max-image-preview:large","max-video-preview":"max-video-preview:-1"},"canonical":"https:\/\/paulinerousseau.com\/index.php\/statement\/","og_locale":"en_US","og_type":"article","og_title":"Statement - Pauline Rousseau","og_description":"Pauline Rousseau est n\u00e9e en 1989, apr\u00e8s des \u00e9tudes de litt\u00e9rature (hypokh\u00e2gne) elle int\u00e8gre l\u2019Ecole du Louvre dont elle sort dipl\u00f4m\u00e9e en 2012. Elle est dipl\u00f4m\u00e9e de l'Ecole Nationale Sup\u00e9rieure de la Photographie en 2016.Il y a plusieurs mani\u00e8res d\u2019appr\u00e9hender le monde, la sienne passe par la rencontre, la parole,&hellip;Read More","og_url":"https:\/\/paulinerousseau.com\/index.php\/statement\/","og_site_name":"Pauline Rousseau","article_modified_time":"2018-01-24T14:39:05+00:00","twitter_card":"summary_large_image","twitter_misc":{"Est. reading time":"1 minute"},"schema":{"@context":"https:\/\/schema.org","@graph":[{"@type":"WebPage","@id":"https:\/\/paulinerousseau.com\/index.php\/statement\/","url":"https:\/\/paulinerousseau.com\/index.php\/statement\/","name":"Statement - Pauline Rousseau","isPartOf":{"@id":"https:\/\/paulinerousseau.com\/#website"},"datePublished":"2017-02-22T15:48:01+00:00","dateModified":"2018-01-24T14:39:05+00:00","breadcrumb":{"@id":"https:\/\/paulinerousseau.com\/index.php\/statement\/#breadcrumb"},"inLanguage":"en-US","potentialAction":[{"@type":"ReadAction","target":["https:\/\/paulinerousseau.com\/index.php\/statement\/"]}]},{"@type":"BreadcrumbList","@id":"https:\/\/paulinerousseau.com\/index.php\/statement\/#breadcrumb","itemListElement":[{"@type":"ListItem","position":1,"name":"Accueil","item":"https:\/\/paulinerousseau.com\/"},{"@type":"ListItem","position":2,"name":"Statement"}]},{"@type":"WebSite","@id":"https:\/\/paulinerousseau.com\/#website","url":"https:\/\/paulinerousseau.com\/","name":"Pauline Rousseau","description":"","potentialAction":[{"@type":"SearchAction","target":{"@type":"EntryPoint","urlTemplate":"https:\/\/paulinerousseau.com\/?s={search_term_string}"},"query-input":{"@type":"PropertyValueSpecification","valueRequired":true,"valueName":"search_term_string"}}],"inLanguage":"en-US"}]}},"jetpack_sharing_enabled":true,"jetpack_shortlink":"https:\/\/wp.me\/P8r1LR-R","jetpack-related-posts":[],"_links":{"self":[{"href":"https:\/\/paulinerousseau.com\/index.php\/wp-json\/wp\/v2\/pages\/53","targetHints":{"allow":["GET"]}}],"collection":[{"href":"https:\/\/paulinerousseau.com\/index.php\/wp-json\/wp\/v2\/pages"}],"about":[{"href":"https:\/\/paulinerousseau.com\/index.php\/wp-json\/wp\/v2\/types\/page"}],"author":[{"embeddable":true,"href":"https:\/\/paulinerousseau.com\/index.php\/wp-json\/wp\/v2\/users\/1"}],"replies":[{"embeddable":true,"href":"https:\/\/paulinerousseau.com\/index.php\/wp-json\/wp\/v2\/comments?post=53"}],"version-history":[{"count":0,"href":"https:\/\/paulinerousseau.com\/index.php\/wp-json\/wp\/v2\/pages\/53\/revisions"}],"wp:attachment":[{"href":"https:\/\/paulinerousseau.com\/index.php\/wp-json\/wp\/v2\/media?parent=53"}],"curies":[{"name":"wp","href":"https:\/\/api.w.org\/{rel}","templated":true}]}}