{"id":12,"date":"2017-02-22T10:48:27","date_gmt":"2017-02-22T09:48:27","guid":{"rendered":"http:\/\/paulinerousseau.com\/?page_id=12"},"modified":"2025-09-22T22:20:45","modified_gmt":"2025-09-22T20:20:45","slug":"pauline-rousseau","status":"publish","type":"page","link":"https:\/\/paulinerousseau.com\/","title":{"rendered":"Accueil"},"content":{"rendered":"<div id=\"pl-12\"  class=\"panel-layout\" ><div id=\"pg-12-0\"  class=\"panel-grid panel-no-style\" ><div id=\"pgc-12-0-0\"  class=\"panel-grid-cell\" ><div id=\"panel-12-0-0-0\" class=\"so-panel widget widget_widget_sp_image widget_sp_image panel-first-child panel-last-child\" data-index=\"0\" ><img loading=\"lazy\" decoding=\"async\" width=\"2560\" height=\"2560\" class=\"attachment-full\" style=\"max-width: 100%;\" srcset=\"https:\/\/i0.wp.com\/paulinerousseau.com\/wp-content\/uploads\/2022\/06\/PaulineRousseau-PhotodeFamille-test-2-1-scaled.jpg?w=2560&amp;ssl=1 2560w, https:\/\/i0.wp.com\/paulinerousseau.com\/wp-content\/uploads\/2022\/06\/PaulineRousseau-PhotodeFamille-test-2-1-scaled.jpg?resize=300%2C300&amp;ssl=1 300w, https:\/\/i0.wp.com\/paulinerousseau.com\/wp-content\/uploads\/2022\/06\/PaulineRousseau-PhotodeFamille-test-2-1-scaled.jpg?resize=1024%2C1024&amp;ssl=1 1024w, https:\/\/i0.wp.com\/paulinerousseau.com\/wp-content\/uploads\/2022\/06\/PaulineRousseau-PhotodeFamille-test-2-1-scaled.jpg?resize=150%2C150&amp;ssl=1 150w, https:\/\/i0.wp.com\/paulinerousseau.com\/wp-content\/uploads\/2022\/06\/PaulineRousseau-PhotodeFamille-test-2-1-scaled.jpg?resize=768%2C768&amp;ssl=1 768w, https:\/\/i0.wp.com\/paulinerousseau.com\/wp-content\/uploads\/2022\/06\/PaulineRousseau-PhotodeFamille-test-2-1-scaled.jpg?resize=1536%2C1536&amp;ssl=1 1536w, https:\/\/i0.wp.com\/paulinerousseau.com\/wp-content\/uploads\/2022\/06\/PaulineRousseau-PhotodeFamille-test-2-1-scaled.jpg?resize=2048%2C2048&amp;ssl=1 2048w, https:\/\/i0.wp.com\/paulinerousseau.com\/wp-content\/uploads\/2022\/06\/PaulineRousseau-PhotodeFamille-test-2-1-scaled.jpg?resize=1200%2C1200&amp;ssl=1 1200w\" sizes=\"auto, (max-width: 1024px) 100vw, 1024px\" src=\"https:\/\/i0.wp.com\/paulinerousseau.com\/wp-content\/uploads\/2022\/06\/PaulineRousseau-PhotodeFamille-test-2-1-scaled.jpg?fit=2560%2C2560&#038;ssl=1\" \/><div class=\"widget_sp_image-description\" ><p>Homonyma - Mais qui est vraiment Pauline Rousseau ?                                                                                                                            \u00a9Pauline Rousseau\/Juliette Seban<\/p>\n<\/div><\/div><\/div><\/div><div id=\"pg-12-1\"  class=\"panel-grid panel-no-style\" ><div id=\"pgc-12-1-0\"  class=\"panel-grid-cell\" ><div id=\"panel-12-1-0-0\" class=\"so-panel widget widget_sow-editor panel-first-child panel-last-child\" data-index=\"1\" ><div\n\t\t\t\n\t\t\tclass=\"so-widget-sow-editor so-widget-sow-editor-base\"\n\t\t\t\n\t\t>\n<div class=\"siteorigin-widget-tinymce textwidget\">\n\t<p><i style=\"font-size: 0.813rem;\">&gt;&gt;&gt; \u00a0<strong>Laur\u00e9ate de l'Aide Individuelle \u00e0 la Cr\u00e9ation,<\/strong><\/i> r\u00e9gion \u00eele-de-France, juillet 2025<\/p>\n<p><span style=\"font-size: 0.813rem;\">&gt;<\/span><span style=\"; font-size: 0.813rem;\">&gt;&gt; <strong><em>Demoran\u00e7a, <\/em><\/strong>exposition au Centre d\u2019Art Contemporain de Carcassonne, commissariat d'exposition par Adala\u00efs Choy-Descamps, 21 ao\u00fbt 2025 \u2013 21 septembre 2025<\/span><\/p>\n<p><span style=\"color: #666666; font-family: tahoma, sans-serif; font-size: xx-small;\"><i><\/i><i style=\"font-size: 0.813rem;\">&gt;&gt;&gt; \u00a0 <\/i><b><i><\/i><\/b><\/span><em><strong>Projection et conf\u00e9rence avec Tendance Floue<\/strong><\/em> \u201cLa Nuit de l\u2019\u00c9mergence\u201d, durant la semaine d\u2019ouverture des Rencontres d\u2019Arles 2025, 11 juillet 2025<\/p>\n<p><span style=\"font-size: 0.813rem;\">&gt;<\/span><span style=\"color; font-size: 0.813rem;\">&gt;&gt; \u00a0<strong>R\u00e9sidence <em>Les Patrimoines<\/em><\/strong>, Centre d\u2019Art Contemporain de Carcassonne, juin - ao\u00fbt 2025<\/span><\/p>\n<p><span style=\"; font-size: 0.813rem;\">&gt;&gt;&gt; <\/span><b style=\"color: #666666; font-size: 0.813rem;\"><i><a href=\"http:\/\/paulinerousseau.com\/index.php\/2022\/06\/29\/homonyma\/\">HOMONYMA \u2013 Mais qui est vraiment Pauline Rousseau ?<\/a><\/i><\/b><i style=\"; font-size: 0.813rem;\"> au Th\u00e9\u00e2tre Libre \u00e0 Paris \u00e0 <\/i><span style=\"; font-size: 0.813rem;\">l'invitation du Live Magazine, Les 14, 15 et 16 juin 2025<\/span><\/p>\n<\/div>\n<\/div><\/div><\/div><\/div><\/div>","protected":false},"excerpt":{"rendered":"<p>&gt;&gt;&gt; \u00a0Laur\u00e9ate de l&#8217;Aide Individuelle \u00e0 la Cr\u00e9ation, r\u00e9gion \u00eele-de-France, juillet 2025 &gt;&gt;&gt; Demoran\u00e7a, exposition au Centre d\u2019Art Contemporain de Carcassonne, commissariat d&#8217;exposition par Adala\u00efs Choy-Descamps, 21 ao\u00fbt 2025 \u2013 21 septembre 2025 &gt;&gt;&gt; \u00a0 Projection et conf\u00e9rence avec Tendance Floue \u201cLa Nuit de l\u2019\u00c9mergence\u201d, durant la semaine d\u2019ouverture des&hellip;<\/p>\n<p class=\"more-link-wrapper\"><a class=\"more-link\" href=\"https:\/\/paulinerousseau.com\/\"><span class=\"fa fa-mail-forward read-more-icon\"><\/span><span class=\"screen-reader-text\">Read More<\/span><\/a><\/p>\n","protected":false},"author":1,"featured_media":1250,"parent":0,"menu_order":0,"comment_status":"closed","ping_status":"closed","template":"","meta":{"jetpack_post_was_ever_published":false,"footnotes":""},"class_list":["post-12","page","type-page","status-publish","has-post-thumbnail","hentry"],"yoast_head":"<!-- This site is optimized with the Yoast SEO plugin v24.7 - https:\/\/yoast.com\/wordpress\/plugins\/seo\/ -->\n<title>Accueil - Pauline Rousseau<\/title>\n<meta name=\"robots\" content=\"index, follow, max-snippet:-1, max-image-preview:large, max-video-preview:-1\" \/>\n<link rel=\"canonical\" href=\"https:\/\/paulinerousseau.com\/\" \/>\n<meta property=\"og:locale\" content=\"en_US\" \/>\n<meta property=\"og:type\" content=\"article\" \/>\n<meta property=\"og:title\" content=\"Accueil - Pauline Rousseau\" \/>\n<meta property=\"og:description\" content=\"&gt;&gt;&gt; \u00a0Laur\u00e9ate de l&#039;Aide Individuelle \u00e0 la Cr\u00e9ation, r\u00e9gion \u00eele-de-France, juillet 2025 &gt;&gt;&gt; Demoran\u00e7a, exposition au Centre d\u2019Art Contemporain de Carcassonne, commissariat d&#039;exposition par Adala\u00efs Choy-Descamps, 21 ao\u00fbt 2025 \u2013 21 septembre 2025 &gt;&gt;&gt; \u00a0 Projection et conf\u00e9rence avec Tendance Floue \u201cLa Nuit de l\u2019\u00c9mergence\u201d, durant la semaine d\u2019ouverture des&hellip;Read More\" \/>\n<meta property=\"og:url\" content=\"https:\/\/paulinerousseau.com\/\" \/>\n<meta property=\"og:site_name\" content=\"Pauline Rousseau\" \/>\n<meta property=\"article:modified_time\" content=\"2025-09-22T20:20:45+00:00\" \/>\n<meta property=\"og:image\" content=\"https:\/\/i0.wp.com\/paulinerousseau.com\/wp-content\/uploads\/2022\/06\/PaulineRousseau-PhotodeFamille-test-2-1-scaled.jpg?fit=2560%2C2560&ssl=1\" \/>\n\t<meta property=\"og:image:width\" content=\"2560\" \/>\n\t<meta property=\"og:image:height\" content=\"2560\" \/>\n\t<meta property=\"og:image:type\" content=\"image\/jpeg\" \/>\n<meta name=\"twitter:card\" content=\"summary_large_image\" \/>\n<meta name=\"twitter:label1\" content=\"Est. reading time\" \/>\n\t<meta name=\"twitter:data1\" content=\"1 minute\" \/>\n<script type=\"application\/ld+json\" class=\"yoast-schema-graph\">{\"@context\":\"https:\/\/schema.org\",\"@graph\":[{\"@type\":\"WebPage\",\"@id\":\"https:\/\/paulinerousseau.com\/\",\"url\":\"https:\/\/paulinerousseau.com\/\",\"name\":\"Accueil - Pauline Rousseau\",\"isPartOf\":{\"@id\":\"https:\/\/paulinerousseau.com\/#website\"},\"primaryImageOfPage\":{\"@id\":\"https:\/\/paulinerousseau.com\/#primaryimage\"},\"image\":{\"@id\":\"https:\/\/paulinerousseau.com\/#primaryimage\"},\"thumbnailUrl\":\"https:\/\/i0.wp.com\/paulinerousseau.com\/wp-content\/uploads\/2022\/06\/PaulineRousseau-PhotodeFamille-test-2-1-scaled.jpg?fit=2560%2C2560&ssl=1\",\"datePublished\":\"2017-02-22T09:48:27+00:00\",\"dateModified\":\"2025-09-22T20:20:45+00:00\",\"breadcrumb\":{\"@id\":\"https:\/\/paulinerousseau.com\/#breadcrumb\"},\"inLanguage\":\"en-US\",\"potentialAction\":[{\"@type\":\"ReadAction\",\"target\":[\"https:\/\/paulinerousseau.com\/\"]}]},{\"@type\":\"ImageObject\",\"inLanguage\":\"en-US\",\"@id\":\"https:\/\/paulinerousseau.com\/#primaryimage\",\"url\":\"https:\/\/i0.wp.com\/paulinerousseau.com\/wp-content\/uploads\/2022\/06\/PaulineRousseau-PhotodeFamille-test-2-1-scaled.jpg?fit=2560%2C2560&ssl=1\",\"contentUrl\":\"https:\/\/i0.wp.com\/paulinerousseau.com\/wp-content\/uploads\/2022\/06\/PaulineRousseau-PhotodeFamille-test-2-1-scaled.jpg?fit=2560%2C2560&ssl=1\",\"width\":2560,\"height\":2560},{\"@type\":\"BreadcrumbList\",\"@id\":\"https:\/\/paulinerousseau.com\/#breadcrumb\",\"itemListElement\":[{\"@type\":\"ListItem\",\"position\":1,\"name\":\"Accueil\",\"item\":\"https:\/\/paulinerousseau.com\/\"},{\"@type\":\"ListItem\",\"position\":2,\"name\":\"Accueil\"}]},{\"@type\":\"WebSite\",\"@id\":\"https:\/\/paulinerousseau.com\/#website\",\"url\":\"https:\/\/paulinerousseau.com\/\",\"name\":\"Pauline Rousseau\",\"description\":\"\",\"potentialAction\":[{\"@type\":\"SearchAction\",\"target\":{\"@type\":\"EntryPoint\",\"urlTemplate\":\"https:\/\/paulinerousseau.com\/?s={search_term_string}\"},\"query-input\":{\"@type\":\"PropertyValueSpecification\",\"valueRequired\":true,\"valueName\":\"search_term_string\"}}],\"inLanguage\":\"en-US\"}]}<\/script>\n<!-- \/ Yoast SEO plugin. -->","yoast_head_json":{"title":"Accueil - Pauline Rousseau","robots":{"index":"index","follow":"follow","max-snippet":"max-snippet:-1","max-image-preview":"max-image-preview:large","max-video-preview":"max-video-preview:-1"},"canonical":"https:\/\/paulinerousseau.com\/","og_locale":"en_US","og_type":"article","og_title":"Accueil - Pauline Rousseau","og_description":"&gt;&gt;&gt; \u00a0Laur\u00e9ate de l'Aide Individuelle \u00e0 la Cr\u00e9ation, r\u00e9gion \u00eele-de-France, juillet 2025 &gt;&gt;&gt; Demoran\u00e7a, exposition au Centre d\u2019Art Contemporain de Carcassonne, commissariat d'exposition par Adala\u00efs Choy-Descamps, 21 ao\u00fbt 2025 \u2013 21 septembre 2025 &gt;&gt;&gt; \u00a0 Projection et conf\u00e9rence avec Tendance Floue \u201cLa Nuit de l\u2019\u00c9mergence\u201d, durant la semaine d\u2019ouverture des&hellip;Read More","og_url":"https:\/\/paulinerousseau.com\/","og_site_name":"Pauline Rousseau","article_modified_time":"2025-09-22T20:20:45+00:00","og_image":[{"width":2560,"height":2560,"url":"https:\/\/i0.wp.com\/paulinerousseau.com\/wp-content\/uploads\/2022\/06\/PaulineRousseau-PhotodeFamille-test-2-1-scaled.jpg?fit=2560%2C2560&ssl=1","type":"image\/jpeg"}],"twitter_card":"summary_large_image","twitter_misc":{"Est. reading time":"1 minute"},"schema":{"@context":"https:\/\/schema.org","@graph":[{"@type":"WebPage","@id":"https:\/\/paulinerousseau.com\/","url":"https:\/\/paulinerousseau.com\/","name":"Accueil - Pauline Rousseau","isPartOf":{"@id":"https:\/\/paulinerousseau.com\/#website"},"primaryImageOfPage":{"@id":"https:\/\/paulinerousseau.com\/#primaryimage"},"image":{"@id":"https:\/\/paulinerousseau.com\/#primaryimage"},"thumbnailUrl":"https:\/\/i0.wp.com\/paulinerousseau.com\/wp-content\/uploads\/2022\/06\/PaulineRousseau-PhotodeFamille-test-2-1-scaled.jpg?fit=2560%2C2560&ssl=1","datePublished":"2017-02-22T09:48:27+00:00","dateModified":"2025-09-22T20:20:45+00:00","breadcrumb":{"@id":"https:\/\/paulinerousseau.com\/#breadcrumb"},"inLanguage":"en-US","potentialAction":[{"@type":"ReadAction","target":["https:\/\/paulinerousseau.com\/"]}]},{"@type":"ImageObject","inLanguage":"en-US","@id":"https:\/\/paulinerousseau.com\/#primaryimage","url":"https:\/\/i0.wp.com\/paulinerousseau.com\/wp-content\/uploads\/2022\/06\/PaulineRousseau-PhotodeFamille-test-2-1-scaled.jpg?fit=2560%2C2560&ssl=1","contentUrl":"https:\/\/i0.wp.com\/paulinerousseau.com\/wp-content\/uploads\/2022\/06\/PaulineRousseau-PhotodeFamille-test-2-1-scaled.jpg?fit=2560%2C2560&ssl=1","width":2560,"height":2560},{"@type":"BreadcrumbList","@id":"https:\/\/paulinerousseau.com\/#breadcrumb","itemListElement":[{"@type":"ListItem","position":1,"name":"Accueil","item":"https:\/\/paulinerousseau.com\/"},{"@type":"ListItem","position":2,"name":"Accueil"}]},{"@type":"WebSite","@id":"https:\/\/paulinerousseau.com\/#website","url":"https:\/\/paulinerousseau.com\/","name":"Pauline Rousseau","description":"","potentialAction":[{"@type":"SearchAction","target":{"@type":"EntryPoint","urlTemplate":"https:\/\/paulinerousseau.com\/?s={search_term_string}"},"query-input":{"@type":"PropertyValueSpecification","valueRequired":true,"valueName":"search_term_string"}}],"inLanguage":"en-US"}]}},"jetpack_sharing_enabled":true,"jetpack_shortlink":"https:\/\/wp.me\/P8r1LR-c","jetpack-related-posts":[],"_links":{"self":[{"href":"https:\/\/paulinerousseau.com\/index.php\/wp-json\/wp\/v2\/pages\/12","targetHints":{"allow":["GET"]}}],"collection":[{"href":"https:\/\/paulinerousseau.com\/index.php\/wp-json\/wp\/v2\/pages"}],"about":[{"href":"https:\/\/paulinerousseau.com\/index.php\/wp-json\/wp\/v2\/types\/page"}],"author":[{"embeddable":true,"href":"https:\/\/paulinerousseau.com\/index.php\/wp-json\/wp\/v2\/users\/1"}],"replies":[{"embeddable":true,"href":"https:\/\/paulinerousseau.com\/index.php\/wp-json\/wp\/v2\/comments?post=12"}],"version-history":[{"count":78,"href":"https:\/\/paulinerousseau.com\/index.php\/wp-json\/wp\/v2\/pages\/12\/revisions"}],"predecessor-version":[{"id":1271,"href":"https:\/\/paulinerousseau.com\/index.php\/wp-json\/wp\/v2\/pages\/12\/revisions\/1271"}],"wp:featuredmedia":[{"embeddable":true,"href":"https:\/\/paulinerousseau.com\/index.php\/wp-json\/wp\/v2\/media\/1250"}],"wp:attachment":[{"href":"https:\/\/paulinerousseau.com\/index.php\/wp-json\/wp\/v2\/media?parent=12"}],"curies":[{"name":"wp","href":"https:\/\/api.w.org\/{rel}","templated":true}]}}